{"id":9,"date":"2020-06-29T21:29:39","date_gmt":"2020-06-30T02:29:39","guid":{"rendered":"http:\/\/localhost\/curso%20Worpress\/?page_id=9"},"modified":"2020-07-08T12:10:46","modified_gmt":"2020-07-08T17:10:46","slug":"acerca","status":"publish","type":"page","link":"https:\/\/wlcgeneral.com\/?page_id=9","title":{"rendered":"Nuestra Empresa"},"content":{"rendered":"\t\t<div data-elementor-type=\"wp-page\" data-elementor-id=\"9\" class=\"elementor elementor-9\" data-elementor-settings=\"[]\">\n\t\t\t<div class=\"elementor-inner\">\n\t\t\t\t<div class=\"elementor-section-wrap\">\n\t\t\t\t\t\t\t<section class=\"elementor-element elementor-element-c671b6b elementor-section-boxed elementor-section-height-default elementor-section-height-default elementor-section elementor-top-section\" data-id=\"c671b6b\" data-element_type=\"section\">\n\t\t\t\t\t\t<div class=\"elementor-container elementor-column-gap-default\">\n\t\t\t\t<div class=\"elementor-row\">\n\t\t\t\t<div class=\"elementor-element elementor-element-e90578c elementor-column elementor-col-100 elementor-top-column\" data-id=\"e90578c\" data-element_type=\"column\">\n\t\t\t<div class=\"elementor-column-wrap  elementor-element-populated\">\n\t\t\t\t\t<div class=\"elementor-widget-wrap\">\n\t\t\t\t<div class=\"elementor-element elementor-element-49f1d5d elementor-position-left elementor-vertical-align-middle elementor-widget elementor-widget-image-box\" data-id=\"49f1d5d\" data-element_type=\"widget\" data-widget_type=\"image-box.default\">\n\t\t\t\t<div class=\"elementor-widget-container\">\n\t\t\t<div class=\"elementor-image-box-wrapper\"><figure class=\"elementor-image-box-img\"><img loading=\"lazy\" decoding=\"async\" width=\"640\" height=\"640\" src=\"https:\/\/wlcgeneral.com\/wp-content\/uploads\/2020\/07\/ete-1024x1024.jpg\" class=\"attachment-large size-large\" alt=\"\" srcset=\"https:\/\/wlcgeneral.com\/wp-content\/uploads\/2020\/07\/ete-1024x1024.jpg 1024w, https:\/\/wlcgeneral.com\/wp-content\/uploads\/2020\/07\/ete-300x300.jpg 300w, https:\/\/wlcgeneral.com\/wp-content\/uploads\/2020\/07\/ete-150x150.jpg 150w, https:\/\/wlcgeneral.com\/wp-content\/uploads\/2020\/07\/ete-768x768.jpg 768w, https:\/\/wlcgeneral.com\/wp-content\/uploads\/2020\/07\/ete-1536x1536.jpg 1536w, https:\/\/wlcgeneral.com\/wp-content\/uploads\/2020\/07\/ete-475x475.jpg 475w, https:\/\/wlcgeneral.com\/wp-content\/uploads\/2020\/07\/ete.jpg 2000w\" sizes=\"(max-width: 640px) 100vw, 640px\" \/><\/figure><div class=\"elementor-image-box-content\"><h3 class=\"elementor-image-box-title\"><span style=\"color: rgb(35, 37, 41); font-size: 28px; white-space: normal;\">Sobre nuestra compa\u00f1\u00eda&nbsp;<\/span><\/h3><p class=\"elementor-image-box-description\"><font style=\"vertical-align: inherit;\"><font style=\"vertical-align: inherit;\"><font style=\"vertical-align: inherit;\"><font style=\"vertical-align: inherit;\"><font style=\"vertical-align: inherit;\"><font style=\"vertical-align: inherit;\">Somos una empresa especializada en realizar trabajos en: Construcci\u00f3n Civil y Saneamiento, Acabados y Mantenimiento,  Metal met\u00e1lica, Instalaciones El\u00e9ctricas, Aire Acondicionado y Suministros de Materiales y Repuestos, brindando de esta manera un servicio eficiente  y de calidad basado en el profesionalismo del personal que integra nuestro equipo de trabajo; adem\u00e1s de cumplir con los est\u00e1ndares de seguridad y el cuidado del medio ambiente, garantizando la confianza y tranquilidad de nuestros clientes. <\/font><\/font><\/font><\/font><\/font><\/font><\/p><\/div><\/div>\t\t<\/div>\n\t\t\t\t<\/div>\n\t\t\t\t<div class=\"elementor-element elementor-element-415304d elementor-widget elementor-widget-text-editor\" data-id=\"415304d\" data-element_type=\"widget\" data-widget_type=\"text-editor.default\">\n\t\t\t\t<div class=\"elementor-widget-container\">\n\t\t\t\t\t<div class=\"elementor-text-editor elementor-clearfix\"><p style=\"text-align: left;\"><span style=\"color: #212529;\"><span style=\"vertical-align: inherit;\"><span style=\"vertical-align: inherit;\"><span style=\"font-weight: bold;\"><span style=\"vertical-align: inherit;\"><span style=\"vertical-align: inherit;\"><span style=\"vertical-align: inherit;\"><span style=\"vertical-align: inherit;\"><span style=\"vertical-align: inherit;\"><span style=\"vertical-align: inherit;\"><span style=\"vertical-align: inherit;\"><span style=\"vertical-align: inherit;\"><span style=\"vertical-align: inherit;\"><span style=\"vertical-align: inherit;\">M<\/span><\/span><\/span><\/span><\/span><\/span><\/span><\/span><\/span><\/span><\/span><span style=\"vertical-align: inherit;\"><span style=\"vertical-align: inherit;\"><span style=\"vertical-align: inherit;\"><span style=\"vertical-align: inherit;\"><span style=\"vertical-align: inherit;\"><span style=\"vertical-align: inherit;\"><span style=\"vertical-align: inherit;\"><span style=\"vertical-align: inherit;\"><span style=\"vertical-align: inherit;\"><span style=\"vertical-align: inherit;\">i<\/span><\/span><\/span><\/span><\/span><\/span><\/span><\/span><\/span><\/span><span style=\"font-weight: bold;\"><span style=\"vertical-align: inherit;\"><span style=\"vertical-align: inherit;\"><span style=\"vertical-align: inherit;\"><span style=\"vertical-align: inherit;\"><span style=\"vertical-align: inherit;\"><span style=\"vertical-align: inherit;\"><span style=\"vertical-align: inherit;\"><span style=\"vertical-align: inherit;\"><span style=\"vertical-align: inherit;\"><span style=\"vertical-align: inherit;\">si\u00f3n<\/span><\/span><\/span><\/span><\/span><\/span><\/span><\/span><\/span><\/span><\/span><\/span><\/span><\/span><br style=\"box-sizing: inherit; color: #212529;\"><span style=\"color: #212529;\"><span style=\"vertical-align: inherit;\"><span style=\"vertical-align: inherit;\">WLC GENERAL SERVICES, se crea con la misi\u00f3n de innovar y brindar soluciones integrales en los diferentes rubros, entendiendo y atendiendo los requerimientos de nuestros clientes, respetando altos est\u00e1ndares de Calidad, Seguridad, Medio Ambiente y Confianza para as\u00ed optimizar nuestro servicio.&nbsp;<\/span><\/span><\/span><\/p>\n<p style=\"text-align: left;\"><span style=\"color: #212529; text-align: left; vertical-align: inherit;\"><span style=\"vertical-align: inherit;\"><span style=\"font-weight: bold;\"><span style=\"vertical-align: inherit;\"><span style=\"vertical-align: inherit;\">Visi\u00f3n<\/span><\/span><\/span><\/span><\/span><br style=\"box-sizing: inherit; color: #212529; text-align: left;\"><span style=\"color: #212529; text-align: left; vertical-align: inherit;\"><span style=\"vertical-align: inherit;\"><span style=\"vertical-align: inherit;\">Consolidarnos como la mejor empresa en servicios generales con un alto nivel de confianza ofreciendo servicios integrales, como la calidad, garant\u00eda y profesionalismo que nos caracteriza. Adem\u00e1s de estar comprometidos con la sostenibilidad a tres niveles: Econ\u00f3mica, Social y Medio Ambiental.<\/span><\/span><\/span><\/p>\n<p style=\"box-sizing: inherit; color: #212529; text-align: left;\"><span style=\"vertical-align: inherit;\"><span style=\"vertical-align: inherit;\"><span style=\"font-weight: bold;\"><span style=\"vertical-align: inherit;\"><span style=\"vertical-align: inherit;\">Valores<\/span><\/span><\/span><\/span><\/span><br style=\"box-sizing: inherit;\"><span style=\"vertical-align: inherit;\"><span style=\"vertical-align: inherit;\"><span style=\"vertical-align: inherit;\">Tenemos el compromiso de un empresa que opera con \u00e9tica, lealtad y responsabilidad. Los lineamientos de dicho c\u00f3digo se ven reflejados en el resultado; nuestro trabajo con la pol\u00edtica corporativa de estricto cumplimiento por la organizaci\u00f3n.<\/span><\/span><\/span><\/p><\/div>\n\t\t\t\t<\/div>\n\t\t\t\t<\/div>\n\t\t\t\t\t\t<\/div>\n\t\t\t<\/div>\n\t\t<\/div>\n\t\t\t\t\t\t<\/div>\n\t\t\t<\/div>\n\t\t<\/section>\n\t\t\t\t\t\t<\/div>\n\t\t\t<\/div>\n\t\t<\/div>\n\t\t","protected":false},"excerpt":{"rendered":"<p>Sobre nuestra compa\u00f1\u00eda&nbsp; Somos una empresa especializada en realizar trabajos en: Construcci\u00f3n Civil y Saneamiento, Acabados y Mantenimiento, Metal met\u00e1lica, Instalaciones El\u00e9ctricas, Aire Acondicionado y Suministros de Materiales y Repuestos, brindando de esta manera un servicio eficiente y de calidad basado en el profesionalismo del personal que integra nuestro equipo&hellip;<\/p>\n","protected":false},"author":1,"featured_media":0,"parent":0,"menu_order":0,"comment_status":"closed","ping_status":"closed","template":"","meta":{"footnotes":""},"_links":{"self":[{"href":"https:\/\/wlcgeneral.com\/index.php?rest_route=\/wp\/v2\/pages\/9"}],"collection":[{"href":"https:\/\/wlcgeneral.com\/index.php?rest_route=\/wp\/v2\/pages"}],"about":[{"href":"https:\/\/wlcgeneral.com\/index.php?rest_route=\/wp\/v2\/types\/page"}],"author":[{"embeddable":true,"href":"https:\/\/wlcgeneral.com\/index.php?rest_route=\/wp\/v2\/users\/1"}],"replies":[{"embeddable":true,"href":"https:\/\/wlcgeneral.com\/index.php?rest_route=%2Fwp%2Fv2%2Fcomments&post=9"}],"version-history":[{"count":23,"href":"https:\/\/wlcgeneral.com\/index.php?rest_route=\/wp\/v2\/pages\/9\/revisions"}],"predecessor-version":[{"id":604,"href":"https:\/\/wlcgeneral.com\/index.php?rest_route=\/wp\/v2\/pages\/9\/revisions\/604"}],"wp:attachment":[{"href":"https:\/\/wlcgeneral.com\/index.php?rest_route=%2Fwp%2Fv2%2Fmedia&parent=9"}],"curies":[{"name":"wp","href":"https:\/\/api.w.org\/{rel}","templated":true}]}}