{"id":207,"date":"2020-06-30T20:28:04","date_gmt":"2020-07-01T01:28:04","guid":{"rendered":"http:\/\/localhost\/curso%20Worpress\/?page_id=207"},"modified":"2020-06-30T20:30:19","modified_gmt":"2020-07-01T01:30:19","slug":"valores","status":"publish","type":"page","link":"https:\/\/wlcgeneral.com\/?page_id=207","title":{"rendered":"Valores"},"content":{"rendered":"\n<p>Tenemos el compromiso de un empresa que opera con \u00e9tica, lealtad y responsabilidad. Los lineamientos de dicho c\u00f3digo se ven reflejados en el resultado; nuestro trabajo con la pol\u00edtica corporativa de estricto cumplimiento por la organizaci\u00f3n.<\/p>\n","protected":false},"excerpt":{"rendered":"<p>Tenemos el compromiso de un empresa que opera con \u00e9tica, lealtad y responsabilidad. Los lineamientos de dicho c\u00f3digo se ven reflejados en el resultado; nuestro trabajo con la pol\u00edtica corporativa de estricto cumplimiento por la organizaci\u00f3n.<\/p>\n","protected":false},"author":1,"featured_media":0,"parent":0,"menu_order":0,"comment_status":"closed","ping_status":"closed","template":"template-pagebuilder.php","meta":{"footnotes":""},"_links":{"self":[{"href":"https:\/\/wlcgeneral.com\/index.php?rest_route=\/wp\/v2\/pages\/207"}],"collection":[{"href":"https:\/\/wlcgeneral.com\/index.php?rest_route=\/wp\/v2\/pages"}],"about":[{"href":"https:\/\/wlcgeneral.com\/index.php?rest_route=\/wp\/v2\/types\/page"}],"author":[{"embeddable":true,"href":"https:\/\/wlcgeneral.com\/index.php?rest_route=\/wp\/v2\/users\/1"}],"replies":[{"embeddable":true,"href":"https:\/\/wlcgeneral.com\/index.php?rest_route=%2Fwp%2Fv2%2Fcomments&post=207"}],"version-history":[{"count":1,"href":"https:\/\/wlcgeneral.com\/index.php?rest_route=\/wp\/v2\/pages\/207\/revisions"}],"predecessor-version":[{"id":208,"href":"https:\/\/wlcgeneral.com\/index.php?rest_route=\/wp\/v2\/pages\/207\/revisions\/208"}],"wp:attachment":[{"href":"https:\/\/wlcgeneral.com\/index.php?rest_route=%2Fwp%2Fv2%2Fmedia&parent=207"}],"curies":[{"name":"wp","href":"https:\/\/api.w.org\/{rel}","templated":true}]}}