{"id":204,"date":"2020-06-30T20:25:03","date_gmt":"2020-07-01T01:25:03","guid":{"rendered":"http:\/\/localhost\/curso%20Worpress\/?page_id=204"},"modified":"2020-06-30T20:25:04","modified_gmt":"2020-07-01T01:25:04","slug":"vision","status":"publish","type":"page","link":"https:\/\/wlcgeneral.com\/?page_id=204","title":{"rendered":"Visi\u00f3n"},"content":{"rendered":"\n<p>Consolidarnos como la mejor empresa en servicios generales con un alto nivel de confianza ofreciendo servicios integrales, como la calidad, garant\u00eda y profesionalismo que nos caracteriza. Adem\u00e1s de estar comprometidos con la sostenibilidad a tres niveles: Econ\u00f3mica, Social y Medio Ambiental.<\/p>\n","protected":false},"excerpt":{"rendered":"<p>Consolidarnos como la mejor empresa en servicios generales con un alto nivel de confianza ofreciendo servicios integrales, como la calidad, garant\u00eda y profesionalismo que nos caracteriza. Adem\u00e1s de estar comprometidos con la sostenibilidad a tres niveles: Econ\u00f3mica, Social y Medio Ambiental.<\/p>\n","protected":false},"author":1,"featured_media":0,"parent":0,"menu_order":0,"comment_status":"closed","ping_status":"closed","template":"","meta":{"footnotes":""},"_links":{"self":[{"href":"https:\/\/wlcgeneral.com\/index.php?rest_route=\/wp\/v2\/pages\/204"}],"collection":[{"href":"https:\/\/wlcgeneral.com\/index.php?rest_route=\/wp\/v2\/pages"}],"about":[{"href":"https:\/\/wlcgeneral.com\/index.php?rest_route=\/wp\/v2\/types\/page"}],"author":[{"embeddable":true,"href":"https:\/\/wlcgeneral.com\/index.php?rest_route=\/wp\/v2\/users\/1"}],"replies":[{"embeddable":true,"href":"https:\/\/wlcgeneral.com\/index.php?rest_route=%2Fwp%2Fv2%2Fcomments&post=204"}],"version-history":[{"count":1,"href":"https:\/\/wlcgeneral.com\/index.php?rest_route=\/wp\/v2\/pages\/204\/revisions"}],"predecessor-version":[{"id":205,"href":"https:\/\/wlcgeneral.com\/index.php?rest_route=\/wp\/v2\/pages\/204\/revisions\/205"}],"wp:attachment":[{"href":"https:\/\/wlcgeneral.com\/index.php?rest_route=%2Fwp%2Fv2%2Fmedia&parent=204"}],"curies":[{"name":"wp","href":"https:\/\/api.w.org\/{rel}","templated":true}]}}