{"id":165,"date":"2020-06-30T18:49:35","date_gmt":"2020-06-30T23:49:35","guid":{"rendered":"http:\/\/localhost\/curso%20Worpress\/?page_id=165"},"modified":"2020-07-04T21:48:55","modified_gmt":"2020-07-05T02:48:55","slug":"aire-acondicionado","status":"publish","type":"page","link":"https:\/\/wlcgeneral.com\/?page_id=165","title":{"rendered":"Aire Acondicionado"},"content":{"rendered":"\n<p><strong>Aire Acondicionado<\/strong><\/p>\n\n\n\n<p>Brindamos los siguientes servicios, entre otros:<\/p>\n\n\n\n<p>Instalaci\u00f3n y Mantenimiento preventivo y correctivo de equipos de aire acondicionado, ventilaci\u00f3n, mec\u00e1nica y refrigeraci\u00f3n<br>Extracci\u00f3n\u00a0de\u00a0Mon\u00f3xido\u00a0en\u00a0Estacionamientos:<br>   -Extracci\u00f3n\u00a0de\u00a0CO<br>   -Extracci\u00f3n\u00a0de\u00a0Humos<br>Presurizaci\u00f3n de Escaleras de\u00a0Emergencia<br>Ventilaci\u00f3n Mec\u00e1nica en General:<br>   -Ventilaci\u00f3n de ba\u00f1os, almacenes, oficinas, locales comerciales,\u00a0etc.<br>   -Instalaci\u00f3n de c\u00e1maras de\u00a0refrigeraci\u00f3n<br>Extracci\u00f3n\u00a0Localizada:<br>   -Extracci\u00f3n de Aire en Campanas de cocinas Industriales y Comerciales<br>   -Extracci\u00f3n\u00a0de vapores y ciclones<\/p>\n\n\n\n<p><\/p>\n","protected":false},"excerpt":{"rendered":"<p>Aire Acondicionado Brindamos los siguientes servicios, entre otros: Instalaci\u00f3n y Mantenimiento preventivo y correctivo de equipos de aire acondicionado, ventilaci\u00f3n, mec\u00e1nica y refrigeraci\u00f3nExtracci\u00f3n\u00a0de\u00a0Mon\u00f3xido\u00a0en\u00a0Estacionamientos: -Extracci\u00f3n\u00a0de\u00a0CO -Extracci\u00f3n\u00a0de\u00a0HumosPresurizaci\u00f3n de Escaleras de\u00a0EmergenciaVentilaci\u00f3n Mec\u00e1nica en General: -Ventilaci\u00f3n de ba\u00f1os, almacenes, oficinas, locales comerciales,\u00a0etc. -Instalaci\u00f3n de c\u00e1maras de\u00a0refrigeraci\u00f3nExtracci\u00f3n\u00a0Localizada: -Extracci\u00f3n de Aire en Campanas de cocinas Industriales&hellip;<\/p>\n","protected":false},"author":1,"featured_media":166,"parent":0,"menu_order":0,"comment_status":"closed","ping_status":"closed","template":"","meta":{"footnotes":""},"_links":{"self":[{"href":"https:\/\/wlcgeneral.com\/index.php?rest_route=\/wp\/v2\/pages\/165"}],"collection":[{"href":"https:\/\/wlcgeneral.com\/index.php?rest_route=\/wp\/v2\/pages"}],"about":[{"href":"https:\/\/wlcgeneral.com\/index.php?rest_route=\/wp\/v2\/types\/page"}],"author":[{"embeddable":true,"href":"https:\/\/wlcgeneral.com\/index.php?rest_route=\/wp\/v2\/users\/1"}],"replies":[{"embeddable":true,"href":"https:\/\/wlcgeneral.com\/index.php?rest_route=%2Fwp%2Fv2%2Fcomments&post=165"}],"version-history":[{"count":20,"href":"https:\/\/wlcgeneral.com\/index.php?rest_route=\/wp\/v2\/pages\/165\/revisions"}],"predecessor-version":[{"id":583,"href":"https:\/\/wlcgeneral.com\/index.php?rest_route=\/wp\/v2\/pages\/165\/revisions\/583"}],"wp:featuredmedia":[{"embeddable":true,"href":"https:\/\/wlcgeneral.com\/index.php?rest_route=\/wp\/v2\/media\/166"}],"wp:attachment":[{"href":"https:\/\/wlcgeneral.com\/index.php?rest_route=%2Fwp%2Fv2%2Fmedia&parent=165"}],"curies":[{"name":"wp","href":"https:\/\/api.w.org\/{rel}","templated":true}]}}