{"id":162,"date":"2020-06-30T18:28:37","date_gmt":"2020-06-30T23:28:37","guid":{"rendered":"http:\/\/localhost\/curso%20Worpress\/?page_id=162"},"modified":"2020-07-02T13:51:59","modified_gmt":"2020-07-02T18:51:59","slug":"metal-mecanica","status":"publish","type":"page","link":"https:\/\/wlcgeneral.com\/?page_id=162","title":{"rendered":"Metal Mec\u00e1nica"},"content":{"rendered":"\n<p><strong>Metal Mec\u00e1nica<\/strong><\/p>\n\n\n\n<p>Brindamos los siguientes servicios, entre otros:<\/p>\n\n\n\n<ul><li>Estructuras Met\u00e1licas para fabricaci\u00f3n de almacenes, playas de estacionamiento,&nbsp;edificios met\u00e1licos, plataforma , linas de proceso.<\/li><li>Ampliaci\u00f3n de Plantas Industriales.<\/li><li>Fabricaci\u00f3n&nbsp;de&nbsp;Productos&nbsp;:&nbsp;Tanques&nbsp;,&nbsp;Tolvas,&nbsp;Mezcladoras,&nbsp;Fajas&nbsp;Transportadoras,&nbsp;etc.<\/li><li>Estructuras para carga ligera, mediana y&nbsp;pesada.<\/li><li>Estructuras Especiales: Techos Met\u00e1licos, Mezamines, Escaleras, Pallets\/ Jaulas,&nbsp;etc.<\/li><li>Muebles&nbsp;Met\u00e1licos<\/li><li>Retail<\/li><li>Instalaci\u00f3n de Racks y&nbsp;Anaqueles<\/li><li>Pintado en polvo&nbsp;Electrost\u00e1tico<\/li><\/ul>\n","protected":false},"excerpt":{"rendered":"<p>Metal Mec\u00e1nica Brindamos los siguientes servicios, entre otros: Estructuras Met\u00e1licas para fabricaci\u00f3n de almacenes, playas de estacionamiento,&nbsp;edificios met\u00e1licos, plataforma , linas de proceso. Ampliaci\u00f3n de Plantas Industriales. Fabricaci\u00f3n&nbsp;de&nbsp;Productos&nbsp;:&nbsp;Tanques&nbsp;,&nbsp;Tolvas,&nbsp;Mezcladoras,&nbsp;Fajas&nbsp;Transportadoras,&nbsp;etc. Estructuras para carga ligera, mediana y&nbsp;pesada. Estructuras Especiales: Techos Met\u00e1licos, Mezamines, Escaleras, Pallets\/ Jaulas,&nbsp;etc. Muebles&nbsp;Met\u00e1licos Retail Instalaci\u00f3n de Racks y&nbsp;Anaqueles Pintado en&hellip;<\/p>\n","protected":false},"author":1,"featured_media":73,"parent":0,"menu_order":0,"comment_status":"closed","ping_status":"closed","template":"","meta":{"footnotes":""},"_links":{"self":[{"href":"https:\/\/wlcgeneral.com\/index.php?rest_route=\/wp\/v2\/pages\/162"}],"collection":[{"href":"https:\/\/wlcgeneral.com\/index.php?rest_route=\/wp\/v2\/pages"}],"about":[{"href":"https:\/\/wlcgeneral.com\/index.php?rest_route=\/wp\/v2\/types\/page"}],"author":[{"embeddable":true,"href":"https:\/\/wlcgeneral.com\/index.php?rest_route=\/wp\/v2\/users\/1"}],"replies":[{"embeddable":true,"href":"https:\/\/wlcgeneral.com\/index.php?rest_route=%2Fwp%2Fv2%2Fcomments&post=162"}],"version-history":[{"count":6,"href":"https:\/\/wlcgeneral.com\/index.php?rest_route=\/wp\/v2\/pages\/162\/revisions"}],"predecessor-version":[{"id":363,"href":"https:\/\/wlcgeneral.com\/index.php?rest_route=\/wp\/v2\/pages\/162\/revisions\/363"}],"wp:featuredmedia":[{"embeddable":true,"href":"https:\/\/wlcgeneral.com\/index.php?rest_route=\/wp\/v2\/media\/73"}],"wp:attachment":[{"href":"https:\/\/wlcgeneral.com\/index.php?rest_route=%2Fwp%2Fv2%2Fmedia&parent=162"}],"curies":[{"name":"wp","href":"https:\/\/api.w.org\/{rel}","templated":true}]}}