{"id":144,"date":"2020-06-30T17:36:09","date_gmt":"2020-06-30T22:36:09","guid":{"rendered":"http:\/\/localhost\/curso%20Worpress\/?page_id=144"},"modified":"2020-07-02T13:52:40","modified_gmt":"2020-07-02T18:52:40","slug":"construccion-civil-y-saneamiento","status":"publish","type":"page","link":"https:\/\/wlcgeneral.com\/?page_id=144","title":{"rendered":"Construcci\u00f3n Civil y Saneamiento"},"content":{"rendered":"\n<p><strong>Construcci\u00f3n Civil y Saneamiento<\/strong><\/p>\n\n\n\n<p>Brindamos los siguientes servicios, entre otros:<\/p>\n\n\n\n<p>Consultor\u00eda y Planificaci\u00f3n de Obras<br>Ejecuci\u00f3n de Obras Civiles<br>Licencia de Edificaciones<br>Estudio de Suelo<br>Topograf\u00eda<br>Ensayos<br>Proyectos de Edificaciones<br>Instalaciones Sanitarias<br>Pavimentaci\u00f3n Urbana<br>Pisos Industriales<br><\/p>\n\n\n\n<p><\/p>\n","protected":false},"excerpt":{"rendered":"<p>Construcci\u00f3n Civil y Saneamiento Brindamos los siguientes servicios, entre otros: Consultor\u00eda y Planificaci\u00f3n de ObrasEjecuci\u00f3n de Obras CivilesLicencia de EdificacionesEstudio de SueloTopograf\u00edaEnsayosProyectos de EdificacionesInstalaciones SanitariasPavimentaci\u00f3n UrbanaPisos Industriales<\/p>\n","protected":false},"author":1,"featured_media":78,"parent":0,"menu_order":0,"comment_status":"closed","ping_status":"closed","template":"","meta":{"footnotes":""},"_links":{"self":[{"href":"https:\/\/wlcgeneral.com\/index.php?rest_route=\/wp\/v2\/pages\/144"}],"collection":[{"href":"https:\/\/wlcgeneral.com\/index.php?rest_route=\/wp\/v2\/pages"}],"about":[{"href":"https:\/\/wlcgeneral.com\/index.php?rest_route=\/wp\/v2\/types\/page"}],"author":[{"embeddable":true,"href":"https:\/\/wlcgeneral.com\/index.php?rest_route=\/wp\/v2\/users\/1"}],"replies":[{"embeddable":true,"href":"https:\/\/wlcgeneral.com\/index.php?rest_route=%2Fwp%2Fv2%2Fcomments&post=144"}],"version-history":[{"count":4,"href":"https:\/\/wlcgeneral.com\/index.php?rest_route=\/wp\/v2\/pages\/144\/revisions"}],"predecessor-version":[{"id":365,"href":"https:\/\/wlcgeneral.com\/index.php?rest_route=\/wp\/v2\/pages\/144\/revisions\/365"}],"wp:featuredmedia":[{"embeddable":true,"href":"https:\/\/wlcgeneral.com\/index.php?rest_route=\/wp\/v2\/media\/78"}],"wp:attachment":[{"href":"https:\/\/wlcgeneral.com\/index.php?rest_route=%2Fwp%2Fv2%2Fmedia&parent=144"}],"curies":[{"name":"wp","href":"https:\/\/api.w.org\/{rel}","templated":true}]}}